{"id":2,"date":"2024-05-15T12:13:06","date_gmt":"2024-05-15T10:13:06","guid":{"rendered":"http:\/\/biece.eu\/?page_id=2"},"modified":"2024-05-23T15:46:56","modified_gmt":"2024-05-23T13:46:56","slug":"about","status":"publish","type":"page","link":"https:\/\/biece.eu\/index.php\/about\/","title":{"rendered":"About"},"content":{"rendered":"\n<p>A <strong>BIECE (Nemzetk\u00f6zi Iroda a Tanulm\u00e1nyok\u00e9rt, Kereskedelem\u00e9rt \u00e9s V\u00e1llalkoz\u00e1s\u00e9rt) <\/strong>szak\u00e9rtelm\u00e9vel \u00e9s kiterjedt kapcsolatrendszer\u00e9vel t\u00e1mogatja a v\u00e1llalatokat a k\u00e9t kontinens k\u00f6z\u00f6tti kereskedelemben. <\/p>\n\n\n\n<p>Szervezet\u00fcnk c\u00e9lja Eur\u00f3pa \u00e9s Afrika k\u00f6z\u00f6tti <strong>kereskedelmi, v\u00e1llalkoz\u00e1si \u00e9s oktat\u00e1si ter\u00fcletek er\u0151s\u00edt\u00e9se<\/strong>, <strong>kapcsolatok el\u0151seg\u00edt\u00e9se<\/strong>. C\u00e9ljaink el\u00e9r\u00e9se \u00e9rdek\u00e9ben, a Eur\u00f3pa \u00e9s Afrikai v\u00e1llalkoz\u00e1sok, szervezetek r\u00e9sz\u00e9re mind a k\u00e9t orsz\u00e1g ter\u00fclet\u00e9n <strong>k\u00e9pviseleti irod\u00e1t m\u0171k\u00f6dtet\u00fcnk<\/strong>.<\/p>\n\n\n\n<p><strong>Irod\u00e1inkban a nyelvi \u2013 kommunik\u00e1ci\u00f3s seg\u00edts\u00e9geken t\u00fal szakmai, jogi, gazdas\u00e1gi c\u00e9l\u00fa seg\u00edts\u00e9get, tan\u00e1csad\u00e1st l\u00e1tunk el.<\/strong><a href=\"https:\/\/biece.org\/kepviseleti-irodak\"><\/a><\/p>\n\n\n\n<p><strong>Tekintse meg a <a href=\"http:\/\/www.biece.org\" data-type=\"link\" data-id=\"www.biece.org\">biece.org<\/a> oldalon a szolg\u00e1ltat\u00e1sainkat!<\/strong><\/p>\n\n\n\n<p>A BIECE alapszolg\u00e1ltat\u00e1sain t\u00fal l\u00e9trehoztuk a <strong>Biece Keres-K\u00edn\u00e1l piacter\u00e9t<\/strong>. A piact\u00e9r c\u00e9lja, hogy <strong>hidat \u00e9p\u00edtsen Eur\u00f3pa \u00e9s Afrika k\u00f6z\u00f6tt<\/strong>, el\u0151seg\u00edtve a kereskedelmi kapcsolatok fejl\u0151d\u00e9s\u00e9t \u00e9s a k\u00f6lcs\u00f6n\u00f6sen el\u0151ny\u00f6s egy\u00fcttm\u0171k\u00f6d\u00e9sek l\u00e9trej\u00f6tt\u00e9t.<\/p>\n\n\n\n<p>Ez az innovat\u00edv platform hat\u00e9konyan t\u00e1mogatja az eur\u00f3pai \u00e9s afrikai szerepl\u0151k k\u00f6z\u00f6tti kereskedelmi, v\u00e1llalkoz\u00e1si \u00e9s oktat\u00e1si egy\u00fcttm\u0171k\u00f6d\u00e9seket. A Biece Keres-K\u00edn\u00e1l piact\u00e9r lehet\u0151v\u00e9 teszi a <strong>k\u00f6nny\u0171 <\/strong>\u00e9s <strong>gyors kapcsolat\u00e9p\u00edt\u00e9st<\/strong> a k\u00e9t kontinens k\u00f6z\u00f6tt, megk\u00f6nny\u00edtve az <strong>\u00fczleti lehet\u0151s\u00e9gek felkutat\u00e1s\u00e1t \u00e9s kiakn\u00e1z\u00e1s\u00e1t<\/strong>.<\/p>\n\n\n\n<p><strong>A Biece Keres-K\u00edn\u00e1l piact\u00e9r sz\u00e1mos el\u0151nyt k\u00edn\u00e1l a regisztr\u00e1lt tagok sz\u00e1m\u00e1ra<\/strong>. <\/p>\n\n\n\n<p>A platform seg\u00edts\u00e9g\u00e9vel a <strong>felhaszn\u00e1l\u00f3k hirdet\u00e9seket helyezhetnek el, aj\u00e1nlatokat k\u00e9rhetnek \u00e9s \u00fczeneteket k\u00fcldhetnek egym\u00e1snak<\/strong>, \u00edgy k\u00f6zvetlen\u00fcl \u00e9s egyszer\u0171en kommunik\u00e1lhatnak <strong>potenci\u00e1lis \u00fczleti partnereikkel<\/strong>. Ez a funkcionalit\u00e1s jelent\u0151sen leegyszer\u0171s\u00edti \u00e9s felgyors\u00edtja a kapcsolatfelv\u00e9telt, valamint cs\u00f6kkenti a f\u00f6ldrajzi t\u00e1vols\u00e1gb\u00f3l ad\u00f3d\u00f3 akad\u00e1lyokat.<\/p>\n\n\n\n<p>Ne hagyja ki ezt a lehet\u0151s\u00e9get, <strong><a href=\"http:\/\/biece.eu\/index.php\/tagsag\/\" data-type=\"link\" data-id=\"http:\/\/biece.eu\/index.php\/tagsag\/\">csatlakozzon a Biece Keres-K\u00edn\u00e1l piact\u00e9rhez<\/a><\/strong>, \u00e9s fedezze fel az Eur\u00f3pa \u00e9s Afrika k\u00f6z\u00f6tti kereskedelem ny\u00fajtotta lehet\u0151s\u00e9geket!<\/p>\n","protected":false},"excerpt":{"rendered":"<p>A BIECE (Nemzetk\u00f6zi Iroda a Tanulm\u00e1nyok\u00e9rt, Kereskedelem\u00e9rt \u00e9s V\u00e1llalkoz\u00e1s\u00e9rt) szak\u00e9rtelm\u00e9vel \u00e9s kiterjedt kapcsolatrendszer\u00e9vel t\u00e1mogatja a v\u00e1llalatokat a k\u00e9t kontinens k\u00f6z\u00f6tti kereskedelemben. Szervezet\u00fcnk c\u00e9lja Eur\u00f3pa \u00e9s Afrika k\u00f6z\u00f6tti kereskedelmi, v\u00e1llalkoz\u00e1si \u00e9s oktat\u00e1si ter\u00fcletek er\u0151s\u00edt\u00e9se, kapcsolatok el\u0151seg\u00edt\u00e9se. C\u00e9ljaink el\u00e9r\u00e9se \u00e9rdek\u00e9ben, a Eur\u00f3pa \u00e9s Afrikai v\u00e1llalkoz\u00e1sok, szervezetek r\u00e9sz\u00e9re mind a k\u00e9t orsz\u00e1g ter\u00fclet\u00e9n k\u00e9pviseleti irod\u00e1t m\u0171k\u00f6dtet\u00fcnk. Irod\u00e1inkban a [&hellip;]<\/p>\n","protected":false},"author":1,"featured_media":0,"parent":0,"menu_order":0,"comment_status":"closed","ping_status":"closed","template":"","meta":{"footnotes":""},"class_list":["post-2","page","type-page","status-publish","hentry"],"_links":{"self":[{"href":"https:\/\/biece.eu\/index.php\/wp-json\/wp\/v2\/pages\/2","targetHints":{"allow":["GET"]}}],"collection":[{"href":"https:\/\/biece.eu\/index.php\/wp-json\/wp\/v2\/pages"}],"about":[{"href":"https:\/\/biece.eu\/index.php\/wp-json\/wp\/v2\/types\/page"}],"author":[{"embeddable":true,"href":"https:\/\/biece.eu\/index.php\/wp-json\/wp\/v2\/users\/1"}],"replies":[{"embeddable":true,"href":"https:\/\/biece.eu\/index.php\/wp-json\/wp\/v2\/comments?post=2"}],"version-history":[{"count":3,"href":"https:\/\/biece.eu\/index.php\/wp-json\/wp\/v2\/pages\/2\/revisions"}],"predecessor-version":[{"id":313,"href":"https:\/\/biece.eu\/index.php\/wp-json\/wp\/v2\/pages\/2\/revisions\/313"}],"wp:attachment":[{"href":"https:\/\/biece.eu\/index.php\/wp-json\/wp\/v2\/media?parent=2"}],"curies":[{"name":"wp","href":"https:\/\/api.w.org\/{rel}","templated":true}]}}